{"id":1589,"date":"2025-11-20T08:17:50","date_gmt":"2025-11-20T08:17:50","guid":{"rendered":"https:\/\/beauvoirclinic.com\/cookie-policy\/"},"modified":"2025-12-24T13:58:39","modified_gmt":"2025-12-24T12:58:39","slug":"cookiebeleid","status":"publish","type":"page","link":"https:\/\/beauvoirclinic.com\/nl\/cookiebeleid\/","title":{"rendered":"Cookiebeleid"},"content":{"rendered":"<div data-elementor-type=\"wp-page\" data-elementor-id=\"1589\" class=\"elementor elementor-1589\" data-elementor-post-type=\"page\">\n\t\t\t\t<div class=\"elementor-element elementor-element-334b26b4 e-flex e-con-boxed e-con e-parent\" data-id=\"334b26b4\" data-element_type=\"container\" data-e-type=\"container\">\n\t\t\t\t\t<div class=\"e-con-inner\">\n\t\t\t\t<div class=\"elementor-element elementor-element-3195af95 elementor-widget elementor-widget-text-editor\" data-id=\"3195af95\" data-element_type=\"widget\" data-e-type=\"widget\" data-widget_type=\"text-editor.default\">\n\t\t\t\t\t\t\t\t\t\n<p>Op deze pagina vindt u gedetailleerde informatie over hoe we cookies op onze website gebruiken om uw surfervaring te verbeteren, de prestaties van de site te optimaliseren en gepersonaliseerde inhoud aan te bieden.<br \/>Cookies zijn kleine tekstbestanden die op uw apparaat worden opgeslagen wanneer u onze site bezoekt. Ze helpen ons te begrijpen hoe bezoekers omgaan met onze site, waardoor we een soepelere en effici\u00ebntere ervaring kunnen bieden.<\/p>\n<p>In de onderstaande tabel vindt u gedetailleerde informatie over elk type cookie dat we gebruiken, het doel ervan en hoe lang ze worden bewaard.<br \/>Wij zetten ons in om uw privacy te respecteren en u volledige transparantie te bieden over de gegevens die via cookies worden verzameld. Voor meer informatie over hoe wij uw persoonlijke gegevens verwerken, kunt u onze <span style=\"color: #000000;\"><a style=\"color: #000000;\" href=\"https:\/\/beauvoirclinic.com\/nl\/privacybeleid\/\"><strong>Privacybeleid<\/strong><\/a>.<\/span><\/p>\n<p><\/p>\n<div class=\"wpconsent-cookie-policy\">\n<h2 class=\"wpconsent-cookie-category-name\">Essentieel<\/h2>\n<p class=\"wpconsent-cookie-category-description\">Essenti\u00eble cookies maken basisfuncties mogelijk en zijn noodzakelijk voor het goed functioneren van de website.<\/p>\n<table class=\"wpconsent-cookie-policy-table\">\n<tr>\n<th>Naam<\/th>\n<th>Beschrijving<\/th>\n<th>Duur<\/th>\n<\/tr>\n<tr>\n<td>wpconsent_voorkeuren<\/td>\n<td>Deze cookie wordt gebruikt om de cookie-instemmingsvoorkeuren van de gebruiker op te slaan.<\/td>\n<td>30 dagen<\/td>\n<\/tr>\n<\/table>\n<h2 class=\"wpconsent-cookie-category-name\">Statistieken<\/h2>\n<p class=\"wpconsent-cookie-category-description\">Cookies voor statistieken verzamelen anoniem informatie. Deze informatie helpt ons te begrijpen hoe bezoekers onze website gebruiken.<\/p>\n<h3 class=\"wpconsent-cookie-service-name\">Google Analytics<\/h3>\n<p class=\"wpconsent-cookie-service-description\">Google Analytics is een krachtig hulpmiddel dat websiteverkeer bijhoudt en analyseert voor ge\u00efnformeerde marketingbeslissingen.<\/p>\n<p><a href=\"https:\/\/policies.google.com\/privacy\">Meer informatie<\/a><\/p>\n<table class=\"wpconsent-cookie-policy-table\">\n<tr>\n<th>Naam<\/th>\n<th>Beschrijving<\/th>\n<th>Duur<\/th>\n<\/tr>\n<tr>\n<td>_ga<\/td>\n<td>ID gebruikt om gebruikers te identificeren<\/td>\n<td>2 jaar<\/td>\n<\/tr>\n<tr>\n<td>_gali<\/td>\n<td>Gebruikt door Google Analytics om te bepalen op welke links op een pagina wordt geklikt<\/td>\n<td>30 seconden<\/td>\n<\/tr>\n<tr>\n<td>_ga_<\/td>\n<td>ID gebruikt om gebruikers te identificeren<\/td>\n<td>2 jaar<\/td>\n<\/tr>\n<tr>\n<td>_gid<\/td>\n<td>ID gebruikt om gebruikers te identificeren gedurende 24 uur na laatste activiteit<\/td>\n<td>24 uur<\/td>\n<\/tr>\n<tr>\n<td>_gat<\/td>\n<td>Gebruikt om het aantal serververzoeken van Google Analytics te controleren bij gebruik van Google Tag Manager<\/td>\n<td>1 minuut<\/td>\n<\/tr>\n<tr>\n<td>_gac_<\/td>\n<td>Bevat informatie met betrekking tot marketingcampagnes van de gebruiker. Deze worden gedeeld met Google AdWords \/ Google Ads wanneer de accounts van Google Ads en Google Analytics aan elkaar zijn gekoppeld.<\/td>\n<td>90 dagen<\/td>\n<\/tr>\n<tr>\n<td>__utma<\/td>\n<td>ID gebruikt om gebruikers en sessies te identificeren<\/td>\n<td>2 jaar na laatste activiteit<\/td>\n<\/tr>\n<tr>\n<td>__utmt<\/td>\n<td>Gebruikt om het aantal serververzoeken van Google Analytics te controleren<\/td>\n<td>10 minuten<\/td>\n<\/tr>\n<tr>\n<td>__utmb<\/td>\n<td>Wordt gebruikt om nieuwe sessies en bezoeken te onderscheiden. Deze cookie wordt ingesteld wanneer de GA.js javascriptbibliotheek wordt geladen en er geen bestaande __utmb cookie is. De cookie wordt bijgewerkt telkens wanneer gegevens naar de Google Analytics-server worden verzonden.<\/td>\n<td>30 minuten na laatste activiteit<\/td>\n<\/tr>\n<tr>\n<td>__utmc<\/td>\n<td>Alleen gebruikt met oude Urchin-versies van Google Analytics en niet met GA.js. Werd gebruikt om onderscheid te maken tussen nieuwe sessies en bezoeken aan het einde van een sessie.<\/td>\n<td>Einde sessie (browser)<\/td>\n<\/tr>\n<tr>\n<td>__utmz<\/td>\n<td>Bevat informatie over de verkeersbron of campagne die de gebruiker naar de website heeft geleid. De cookie wordt ingesteld wanneer het GA.js javascript wordt geladen en wordt bijgewerkt wanneer gegevens naar de Google Anaytics server worden verzonden.<\/td>\n<td>6 maanden na laatste activiteit<\/td>\n<\/tr>\n<tr>\n<td>__utmv<\/td>\n<td>Bevat aangepaste informatie die door de webontwikkelaar is ingesteld via de _setCustomVar-methode in Google Analytics. Deze cookie wordt bijgewerkt telkens wanneer nieuwe gegevens naar de Google Analytics-server worden gestuurd.<\/td>\n<td>2 jaar na laatste activiteit<\/td>\n<\/tr>\n<tr>\n<td>__utmx<\/td>\n<td>Wordt gebruikt om te bepalen of een gebruiker is opgenomen in een A \/ B of Multivariate test.<\/td>\n<td>18 maanden<\/td>\n<\/tr>\n<\/table>\n<\/div>\n\t\t\t\t\t\t\t\t<\/div>\n\t\t\t\t\t<\/div>\n\t\t\t\t<\/div>\n\t\t\t\t<\/div>","protected":false},"excerpt":{"rendered":"<p>Op deze pagina vindt u gedetailleerde informatie over hoe we cookies op onze website gebruiken om uw surfervaring te verbeteren, de prestaties van de site te optimaliseren en gepersonaliseerde inhoud te leveren.Cookies zijn kleine tekstbestanden die op uw apparaat worden opgeslagen wanneer u onze site bezoekt. Ze helpen ons te begrijpen [...]<\/p>","protected":false},"author":2,"featured_media":0,"parent":0,"menu_order":0,"comment_status":"closed","ping_status":"closed","template":"","meta":{"_seopress_robots_primary_cat":"","_seopress_titles_title":"","_seopress_titles_desc":"D\u00e9couvrez comment nos cookies am\u00e9liorent votre exp\u00e9rience, optimisent les performances et garantissent transparence et respect de votre vie priv\u00e9e.","_seopress_robots_index":"yes","content-type":"","footnotes":""},"class_list":["post-1589","page","type-page","status-publish","hentry"],"_links":{"self":[{"href":"https:\/\/beauvoirclinic.com\/nl\/wp-json\/wp\/v2\/pages\/1589","targetHints":{"allow":["GET"]}}],"collection":[{"href":"https:\/\/beauvoirclinic.com\/nl\/wp-json\/wp\/v2\/pages"}],"about":[{"href":"https:\/\/beauvoirclinic.com\/nl\/wp-json\/wp\/v2\/types\/page"}],"author":[{"embeddable":true,"href":"https:\/\/beauvoirclinic.com\/nl\/wp-json\/wp\/v2\/users\/2"}],"replies":[{"embeddable":true,"href":"https:\/\/beauvoirclinic.com\/nl\/wp-json\/wp\/v2\/comments?post=1589"}],"version-history":[{"count":0,"href":"https:\/\/beauvoirclinic.com\/nl\/wp-json\/wp\/v2\/pages\/1589\/revisions"}],"wp:attachment":[{"href":"https:\/\/beauvoirclinic.com\/nl\/wp-json\/wp\/v2\/media?parent=1589"}],"curies":[{"name":"wp","href":"https:\/\/api.w.org\/{rel}","templated":true}]}}