{"id":452,"date":"2025-11-17T14:04:50","date_gmt":"2025-11-17T14:04:50","guid":{"rendered":"https:\/\/beauvoirclinic.com\/?page_id=452"},"modified":"2026-01-05T11:00:19","modified_gmt":"2026-01-05T10:00:19","slug":"contact","status":"publish","type":"page","link":"https:\/\/beauvoirclinic.com\/en\/contact\/","title":{"rendered":"Contact"},"content":{"rendered":"<div data-elementor-type=\"wp-page\" data-elementor-id=\"452\" class=\"elementor elementor-452\" data-elementor-post-type=\"page\">\n\t\t\t\t<div class=\"elementor-element elementor-element-c3e9a06 e-flex e-con-boxed e-con e-parent\" data-id=\"c3e9a06\" data-element_type=\"container\" data-e-type=\"container\" data-settings=\"{&quot;background_background&quot;:&quot;classic&quot;}\">\n\t\t\t\t\t<div class=\"e-con-inner\">\n\t\t<div class=\"elementor-element elementor-element-ac87318 e-con-full e-flex e-con e-child\" data-id=\"ac87318\" data-element_type=\"container\" data-e-type=\"container\">\n\t\t\t\t<div class=\"elementor-element elementor-element-4bf7384 elementor-widget__width-initial elementor-widget-mobile__width-inherit elementor-widget elementor-widget-heading\" data-id=\"4bf7384\" data-element_type=\"widget\" data-e-type=\"widget\" data-widget_type=\"heading.default\">\n\t\t\t\t\t<h1 class=\"elementor-heading-title elementor-size-default\">Contact &amp; Access<\/h1>\t\t\t\t<\/div>\n\t\t\t\t<div class=\"elementor-element elementor-element-517d236 elementor-widget elementor-widget-text-editor\" data-id=\"517d236\" data-element_type=\"widget\" data-e-type=\"widget\" data-widget_type=\"text-editor.default\">\n\t\t\t\t\t\t\t\t\t<p>Each appointment is a made-to-measure meeting, designed to be exacting, gentle and discreet. If you have any doubts or would like some guidance in making your choice, our team is always ready to listen.<\/p>\t\t\t\t\t\t\t\t<\/div>\n\t\t\t\t<\/div>\n\t\t\t\t\t<\/div>\n\t\t\t\t<\/div>\n\t\t<div class=\"elementor-element elementor-element-5e3a5ca e-flex e-con-boxed e-con e-parent\" data-id=\"5e3a5ca\" data-element_type=\"container\" data-e-type=\"container\" data-settings=\"{&quot;background_background&quot;:&quot;classic&quot;}\">\n\t\t\t\t\t<div class=\"e-con-inner\">\n\t\t<div class=\"elementor-element elementor-element-8ef7e41 e-con-full e-flex e-con e-child\" data-id=\"8ef7e41\" data-element_type=\"container\" data-e-type=\"container\">\n\t\t\t\t<div class=\"elementor-element elementor-element-8c93467 elementor-widget elementor-widget-heading\" data-id=\"8c93467\" data-element_type=\"widget\" data-e-type=\"widget\" data-widget_type=\"heading.default\">\n\t\t\t\t\t<h2 class=\"elementor-heading-title elementor-size-default\">How to reach us<\/h2>\t\t\t\t<\/div>\n\t\t\t\t<div class=\"elementor-element elementor-element-6be7877 elementor-widget elementor-widget-text-editor\" data-id=\"6be7877\" data-element_type=\"widget\" data-e-type=\"widget\" data-widget_type=\"text-editor.default\">\n\t\t\t\t\t\t\t\t\t<p>You can use the contact form or :<\/p>\t\t\t\t\t\t\t\t<\/div>\n\t\t\t\t<div class=\"elementor-element elementor-element-195dcb6 elementor-view-default elementor-position-block-start elementor-mobile-position-block-start elementor-widget elementor-widget-icon-box\" data-id=\"195dcb6\" data-element_type=\"widget\" data-e-type=\"widget\" data-widget_type=\"icon-box.default\">\n\t\t\t\t\t\t\t<div class=\"elementor-icon-box-wrapper\">\n\n\t\t\t\t\t\t<div class=\"elementor-icon-box-icon\">\n\t\t\t\t<span  class=\"elementor-icon\">\n\t\t\t\t<svg xmlns=\"http:\/\/www.w3.org\/2000\/svg\" width=\"56\" height=\"40\" viewbox=\"0 0 56 40\" fill=\"none\"><rect width=\"56\" height=\"40\" rx=\"8\" fill=\"#EC6337\"><\/rect><path d=\"M18.0718 15.0001H37.9284V10.7385H18.0718V15.0001ZM18.0718 33.5328C17.4584 33.5328 16.9267 33.3076 16.4764 32.8571C16.026 32.4069 15.8008 31.8751 15.8008 31.2618V10.7385C15.8008 10.1229 16.026 9.58925 16.4764 9.13747C16.9267 8.68547 17.4584 8.45947 18.0718 8.45947H20.1668V7.5978C20.1668 7.27892 20.2807 7.00947 20.5084 6.78947C20.736 6.56947 21.013 6.45947 21.3394 6.45947C21.6659 6.45947 21.9358 6.56947 22.1491 6.78947C22.3624 7.00947 22.4691 7.27892 22.4691 7.5978V8.45947H33.5311V7.5978C33.5311 7.27892 33.645 7.00947 33.8728 6.78947C34.1006 6.56947 34.3777 6.45947 34.7041 6.45947C35.0303 6.45947 35.3001 6.56947 35.5134 6.78947C35.7268 7.00947 35.8334 7.27892 35.8334 7.5978V8.45947H37.9284C38.544 8.45947 39.0777 8.68547 39.5294 9.13747C39.9814 9.58925 40.2074 10.1229 40.2074 10.7385V19.8125C40.2074 20.1329 40.0962 20.4022 39.8738 20.6205C39.6511 20.8387 39.379 20.9478 39.0574 20.9478C38.7357 20.9478 38.467 20.8387 38.2514 20.6205C38.0361 20.4022 37.9284 20.1329 37.9284 19.8125V17.0001H18.0718V31.2618H28.2401C28.5617 31.2618 28.8313 31.3715 29.0491 31.5908C29.2667 31.8101 29.3754 32.0809 29.3754 32.4031C29.3754 32.7254 29.2667 32.9941 29.0491 33.2095C28.8313 33.425 28.5617 33.5328 28.2401 33.5328H18.0718ZM36.4784 34.6668C34.73 34.6668 33.2429 34.0526 32.0171 32.8241C30.7913 31.5955 30.1784 30.1097 30.1784 28.3668C30.1784 26.6239 30.7913 25.1381 32.0171 23.9095C33.2429 22.681 34.73 22.0668 36.4784 22.0668C38.2213 22.0668 39.7071 22.681 40.9358 23.9095C42.1642 25.1381 42.7784 26.6239 42.7784 28.3668C42.7784 30.1097 42.1642 31.5955 40.9358 32.8241C39.7071 34.0526 38.2213 34.6668 36.4784 34.6668ZM36.8928 28.2808V25.1948C36.8928 25.0046 36.8249 24.8444 36.6891 24.7141C36.5533 24.5841 36.395 24.5191 36.2141 24.5191C36.0241 24.5191 35.8571 24.5864 35.7131 24.7208C35.5691 24.8555 35.4971 25.0126 35.4971 25.1921V28.3268C35.4971 28.4735 35.5233 28.6125 35.5758 28.7438C35.6282 28.8754 35.7042 29.0016 35.8038 29.1225L37.9131 31.2988C38.0518 31.4375 38.2167 31.5068 38.4078 31.5068C38.5989 31.5068 38.7638 31.4344 38.9024 31.2895C39.0409 31.1448 39.1114 30.9787 39.1141 30.7911C39.1168 30.6034 39.0462 30.4375 38.9024 30.2935L36.8928 28.2808Z\" fill=\"white\"><\/path><\/svg>\t\t\t\t<\/span>\n\t\t\t<\/div>\n\t\t\t\n\t\t\t\n\t\t<\/div>\n\t\t\t\t\t\t<\/div>\n\t\t\t\t<div class=\"elementor-element elementor-element-c7732f2 elementor-align-left elementor-widget__width-auto elementor-widget elementor-widget-button\" data-id=\"c7732f2\" data-element_type=\"widget\" data-e-type=\"widget\" data-widget_type=\"button.default\">\n\t\t\t\t\t\t\t\t\t\t<a class=\"elementor-button elementor-button-link elementor-size-sm\" href=\"https:\/\/app.doctormanager.be\/beauvoirclinic\/rdv\/allreason\/?url_parent_reason_id=0&#038;url_reason_id=0&#038;tab_open=1\" target=\"_blank\">\n\t\t\t\t\t\t<span class=\"elementor-button-content-wrapper\">\n\t\t\t\t\t\t\t\t\t<span class=\"elementor-button-text\">Make an appointment<\/span>\n\t\t\t\t\t<\/span>\n\t\t\t\t\t<\/a>\n\t\t\t\t\t\t\t\t<\/div>\n\t\t\t\t<div class=\"elementor-element elementor-element-c630839 elementor-view-default elementor-position-block-start elementor-mobile-position-block-start elementor-widget elementor-widget-icon-box\" data-id=\"c630839\" data-element_type=\"widget\" data-e-type=\"widget\" data-widget_type=\"icon-box.default\">\n\t\t\t\t\t\t\t<div class=\"elementor-icon-box-wrapper\">\n\n\t\t\t\t\t\t<div class=\"elementor-icon-box-icon\">\n\t\t\t\t<span  class=\"elementor-icon\">\n\t\t\t\t<svg xmlns=\"http:\/\/www.w3.org\/2000\/svg\" width=\"56\" height=\"40\" viewbox=\"0 0 56 40\" fill=\"none\"><rect width=\"56\" height=\"40\" rx=\"8\" fill=\"#EC6337\"><\/rect><path d=\"M16.7383 9.62646H39.2607C39.7381 9.62646 40.1468 9.79554 40.5088 10.1577C40.871 10.5197 41.04 10.9284 41.04 11.4058V28.5952C41.04 29.0698 40.8708 29.4758 40.5088 29.8364C40.1469 30.1972 39.7387 30.3667 39.2607 30.3667H16.7383C16.3226 30.3667 15.9595 30.2372 15.6338 29.9634L15.4961 29.8374C15.1355 29.4769 14.9668 29.0703 14.9668 28.5952V11.4058L14.9746 11.229C15.012 10.8261 15.1807 10.4741 15.4961 10.1577H15.4971C15.8577 9.79569 16.2637 9.62646 16.7383 9.62646ZM16.2383 11.5659V29.0952H39.7607V12.4946L38.9863 13.0044L28.3652 19.9966C28.2799 20.0414 28.2042 20.0775 28.1367 20.104C28.1155 20.1124 28.0726 20.1235 27.999 20.1235C27.9257 20.1235 27.8835 20.1123 27.8623 20.104C27.7946 20.0774 27.7185 20.0416 27.6328 19.9966L17.2383 13.1528V12.2212L27.7256 19.0903L27.999 19.27L28.2725 19.0903L39.4014 11.8237L40.8076 10.9058H15.2285L16.2383 11.5659Z\" fill=\"white\" stroke=\"white\"><\/path><\/svg>\t\t\t\t<\/span>\n\t\t\t<\/div>\n\t\t\t\n\t\t\t\n\t\t<\/div>\n\t\t\t\t\t\t<\/div>\n\t\t\t\t<div class=\"elementor-element elementor-element-de09bc2 elementor-widget elementor-widget-text-editor\" data-id=\"de09bc2\" data-element_type=\"widget\" data-e-type=\"widget\" data-widget_type=\"text-editor.default\">\n\t\t\t\t\t\t\t\t\t<p>+32 2 808 72 88<br \/>info@beauvoirclinic.com<\/p>\t\t\t\t\t\t\t\t<\/div>\n\t\t\t\t<\/div>\n\t\t<div class=\"elementor-element elementor-element-386c410 e-con-full e-flex e-con e-child\" data-id=\"386c410\" data-element_type=\"container\" data-e-type=\"container\">\n\t\t\t\t<div class=\"elementor-element elementor-element-0560e7a hubspotform elementor-widget elementor-widget-hubspot-form\" data-id=\"0560e7a\" data-element_type=\"widget\" data-e-type=\"widget\" id=\"hubspotform\" data-widget_type=\"hubspot-form.default\">\n\t\t\t\t<div class=\"elementor-widget-container\">\n\t\t\t\t\t\n\t\t\t<div\n\t\t\tclass=\"hs-form-frame\"\n\t\t\tdata-region=\"eu1\"\n\t\t\tdata-form-id=\"b411104c-d718-44ee-be18-3afd4ff5f4b0\"\n\t\t\tdata-portal-id=\"146502315\"\n\t\t\t >\n\t\t\t<\/div>\n\t\t\t\t\t\t\t<\/div>\n\t\t\t\t<\/div>\n\t\t\t\t<\/div>\n\t\t\t\t\t<\/div>\n\t\t\t\t<\/div>\n\t\t<div class=\"elementor-element elementor-element-238a564 e-flex e-con-boxed e-con e-parent\" data-id=\"238a564\" data-element_type=\"container\" data-e-type=\"container\">\n\t\t\t\t\t<div class=\"e-con-inner\">\n\t\t<div class=\"elementor-element elementor-element-16033c4 e-con-full e-flex e-con e-child\" data-id=\"16033c4\" data-element_type=\"container\" data-e-type=\"container\">\n\t\t<div class=\"elementor-element elementor-element-4628968 e-con-full e-flex e-con e-child\" data-id=\"4628968\" data-element_type=\"container\" data-e-type=\"container\">\n\t\t\t\t<div class=\"elementor-element elementor-element-d4988f2 elementor-widget elementor-widget-heading\" data-id=\"d4988f2\" data-element_type=\"widget\" data-e-type=\"widget\" data-widget_type=\"heading.default\">\n\t\t\t\t\t<h2 class=\"elementor-heading-title elementor-size-default\">How to find us<\/h2>\t\t\t\t<\/div>\n\t\t\t\t<div class=\"elementor-element elementor-element-4dfaf63 elementor-widget elementor-widget-text-editor\" data-id=\"4dfaf63\" data-element_type=\"widget\" data-e-type=\"widget\" data-widget_type=\"text-editor.default\">\n\t\t\t\t\t\t\t\t\t<p>The clinic is open from Monday to Friday between 9am and 6pm.<\/p><p>Our secretariat is on hand to help you until 5pm, but don't hesitate to leave us a message by phone or WhatsApp, and we'll get back to you as soon as possible.<\/p>\t\t\t\t\t\t\t\t<\/div>\n\t\t\t\t<\/div>\n\t\t<div class=\"elementor-element elementor-element-66482f7 e-con-full e-flex e-con e-child\" data-id=\"66482f7\" data-element_type=\"container\" data-e-type=\"container\" data-settings=\"{&quot;background_background&quot;:&quot;classic&quot;}\">\n\t\t\t\t<div class=\"elementor-element elementor-element-0d5960c elementor-view-default elementor-position-block-start elementor-mobile-position-block-start elementor-widget elementor-widget-icon-box\" data-id=\"0d5960c\" data-element_type=\"widget\" data-e-type=\"widget\" data-widget_type=\"icon-box.default\">\n\t\t\t\t\t\t\t<div class=\"elementor-icon-box-wrapper\">\n\n\t\t\t\t\t\t<div class=\"elementor-icon-box-icon\">\n\t\t\t\t<span  class=\"elementor-icon\">\n\t\t\t\t<svg xmlns=\"http:\/\/www.w3.org\/2000\/svg\" width=\"56\" height=\"40\" viewbox=\"0 0 56 40\" fill=\"none\"><rect width=\"56\" height=\"40\" rx=\"8\" fill=\"#EC6337\"><\/rect><path d=\"M28.001 6.95947C30.7434 6.95952 33.1545 7.91573 35.2539 9.84717C37.3245 11.752 38.3749 14.3096 38.375 17.5757C38.375 18.9148 38.0799 20.2521 37.4814 21.5894C36.8718 22.9518 36.1062 24.2557 35.1855 25.5024C34.2588 26.7574 33.2521 27.9286 32.165 29.0161C31.0658 30.116 30.0403 31.0898 29.0889 31.937L29.084 31.9419L29.0781 31.9468C28.9392 32.0782 28.7791 32.1734 28.5928 32.2339C28.3822 32.3022 28.1818 32.3345 27.9902 32.3345C27.7989 32.3345 27.6033 32.302 27.4014 32.2349C27.2232 32.1756 27.0703 32.0824 26.9375 31.9526L26.9287 31.9438L26.9189 31.936L26.1885 31.2769C25.4446 30.5944 24.6601 29.8408 23.8359 29.0161C22.749 27.9287 21.7421 26.7573 20.8154 25.5024C19.8949 24.2559 19.1313 22.9514 18.5244 21.5894C17.9285 20.2521 17.6348 18.9151 17.6348 17.5757C17.6349 14.3095 18.684 11.7519 20.752 9.84717C22.8487 7.91586 25.2585 6.95947 28.001 6.95947ZM28 8.23877C25.4624 8.23887 23.2994 9.11332 21.543 10.8599C19.7784 12.6147 18.9063 14.8678 18.9062 17.5757C18.9062 19.4227 19.6787 21.4436 21.1416 23.6226C22.605 25.802 24.783 28.2303 27.6602 30.9067L27.9961 31.2202L28.3369 30.9106C31.2818 28.239 33.4802 25.8091 34.9131 23.6216C36.3421 21.4398 37.0957 19.4194 37.0957 17.5757C37.0956 14.8677 36.2228 12.6147 34.458 10.8599C32.7011 9.11327 30.5377 8.23877 28 8.23877ZM27.998 15.436C28.53 15.4361 28.9689 15.6176 29.3428 15.9897C29.716 16.3614 29.8975 16.799 29.8975 17.3306C29.8974 17.8627 29.7162 18.2994 29.3447 18.6704C28.9734 19.0412 28.5363 19.2221 28.0039 19.2222C27.471 19.2222 27.0337 19.042 26.6631 18.6733C26.2931 18.3047 26.1113 17.8688 26.1113 17.3364C26.1113 16.8034 26.2914 16.3635 26.6611 15.9897L26.6621 15.9907C27.031 15.6183 27.4665 15.436 27.998 15.436Z\" fill=\"white\" stroke=\"white\"><\/path><\/svg>\t\t\t\t<\/span>\n\t\t\t<\/div>\n\t\t\t\n\t\t\t\t\t\t<div class=\"elementor-icon-box-content\">\n\n\t\t\t\t\t\t\t\t\t<h6 class=\"elementor-icon-box-title\">\n\t\t\t\t\t\t<span  >\n\t\t\t\t\t\t\tBeauvoir Clinic\t\t\t\t\t\t<\/span>\n\t\t\t\t\t<\/h6>\n\t\t\t\t\n\t\t\t\t\t\t\t\t\t<p class=\"elementor-icon-box-description\">\n\t\t\t\t\t\tDr\u00e8ve Richelle 161 B <br>1410 Waterloo\t\t\t\t\t<\/p>\n\t\t\t\t\n\t\t\t<\/div>\n\t\t\t\n\t\t<\/div>\n\t\t\t\t\t\t<\/div>\n\t\t\t\t<\/div>\n\t\t\t\t<\/div>\n\t\t\t\t<div class=\"elementor-element elementor-element-7977b3b elementor-widget__width-inherit elementor-widget elementor-widget-html\" data-id=\"7977b3b\" data-element_type=\"widget\" data-e-type=\"widget\" data-widget_type=\"html.default\">\n\t\t\t\t\t\r\n<iframe\r\n  width=\"600\"\r\n  height=\"720\"\r\n  style=\"border:0; border-radius:24px\"\r\n  loading=\"lazy\"\r\n  referrerpolicy=\"no-referrer-when-downgrade\"\r\n  src=\"https:\/\/www.google.com\/maps\/embed\/v1\/place?key=AIzaSyC5PII90WYpLORQ5k1B3PzfXGMy_VGue3U&q=Dr\u00e8ve+Richelle+161\/B+1410+Waterloo+Belgium\">\r\n<\/iframe>\r\n\t\t\t\t<\/div>\n\t\t\t\t\t<\/div>\n\t\t\t\t<\/div>\n\t\t\t\t<\/div>","protected":false},"excerpt":{"rendered":"<p>Contact &amp; Acc\u00e8s Chaque rendez-vous est une rencontre sur mesure, pens\u00e9e avec exigence, douceur et discr\u00e9tion. En cas de doute ou si vous souhaitez \u00eatre guid\u00e9(e) dans votre choix, notre \u00e9quipe se tient \u00e0 votre \u00e9coute. Pour nous joindre Vous pouvez utiliser le formulaire de contact ou : Prendre RDV +32 2 808 72 88info@beauvoirclinic.com [&hellip;]<\/p>","protected":false},"author":2,"featured_media":1956,"parent":0,"menu_order":0,"comment_status":"closed","ping_status":"closed","template":"","meta":{"_seopress_robots_primary_cat":"","_seopress_titles_title":"Contact et acc\u00e8s \u00e0 la Beauvoir Clinic Waterloo","_seopress_titles_desc":"Prenez rendez-vous ou contactez Beauvoir Clinic \u00e0 Waterloo pour une exp\u00e9rience sur mesure, alliant exigence, douceur et discr\u00e9tion.","_seopress_robots_index":"","content-type":"","footnotes":""},"class_list":["post-452","page","type-page","status-publish","has-post-thumbnail","hentry"],"_links":{"self":[{"href":"https:\/\/beauvoirclinic.com\/en\/wp-json\/wp\/v2\/pages\/452","targetHints":{"allow":["GET"]}}],"collection":[{"href":"https:\/\/beauvoirclinic.com\/en\/wp-json\/wp\/v2\/pages"}],"about":[{"href":"https:\/\/beauvoirclinic.com\/en\/wp-json\/wp\/v2\/types\/page"}],"author":[{"embeddable":true,"href":"https:\/\/beauvoirclinic.com\/en\/wp-json\/wp\/v2\/users\/2"}],"replies":[{"embeddable":true,"href":"https:\/\/beauvoirclinic.com\/en\/wp-json\/wp\/v2\/comments?post=452"}],"version-history":[{"count":0,"href":"https:\/\/beauvoirclinic.com\/en\/wp-json\/wp\/v2\/pages\/452\/revisions"}],"wp:featuredmedia":[{"embeddable":true,"href":"https:\/\/beauvoirclinic.com\/en\/wp-json\/wp\/v2\/media\/1956"}],"wp:attachment":[{"href":"https:\/\/beauvoirclinic.com\/en\/wp-json\/wp\/v2\/media?parent=452"}],"curies":[{"name":"wp","href":"https:\/\/api.w.org\/{rel}","templated":true}]}}