{"id":1589,"date":"2025-11-20T08:17:50","date_gmt":"2025-11-20T08:17:50","guid":{"rendered":"https:\/\/beauvoirclinic.com\/cookie-policy\/"},"modified":"2025-12-24T13:58:39","modified_gmt":"2025-12-24T12:58:39","slug":"cookie-policy","status":"publish","type":"page","link":"https:\/\/beauvoirclinic.com\/en\/cookie-policy\/","title":{"rendered":"Cookie Policy"},"content":{"rendered":"<div data-elementor-type=\"wp-page\" data-elementor-id=\"1589\" class=\"elementor elementor-1589\" data-elementor-post-type=\"page\">\n\t\t\t\t<div class=\"elementor-element elementor-element-334b26b4 e-flex e-con-boxed e-con e-parent\" data-id=\"334b26b4\" data-element_type=\"container\" data-e-type=\"container\">\n\t\t\t\t\t<div class=\"e-con-inner\">\n\t\t\t\t<div class=\"elementor-element elementor-element-3195af95 elementor-widget elementor-widget-text-editor\" data-id=\"3195af95\" data-element_type=\"widget\" data-e-type=\"widget\" data-widget_type=\"text-editor.default\">\n\t\t\t\t\t\t\t\t\t\n<p>This page provides detailed information on how we use cookies on our website in order to improve your browsing experience, optimise site performance and offer personalised content.<br \/>Cookies are small text files stored on your device when you visit our site. They help us to understand how visitors interact with our site, enabling us to provide a smoother and more efficient experience.<\/p>\n<p>In the table below, you will find detailed information about each type of cookie we use, their purpose and how long they are retained.<br \/>We are committed to respecting your privacy and providing you with full transparency regarding the data collected via cookies. For more information on how we handle your personal data, please consult our <span style=\"color: #000000;\"><a style=\"color: #000000;\" href=\"https:\/\/beauvoirclinic.com\/en\/privacy-policy\/\"><strong>Privacy policy<\/strong><\/a>.<\/span><\/p>\n<p><\/p>\n<div class=\"wpconsent-cookie-policy\">\n<h2 class=\"wpconsent-cookie-category-name\">Essential<\/h2>\n<p class=\"wpconsent-cookie-category-description\">Essential cookies enable basic functions and are necessary for the proper function of the website.<\/p>\n<table class=\"wpconsent-cookie-policy-table\">\n<tr>\n<th>Name<\/th>\n<th>Description<\/th>\n<th>Duration<\/th>\n<\/tr>\n<tr>\n<td>wpconsent_preferences<\/td>\n<td>This cookie is used to store the user's cookie consent preferences.<\/td>\n<td>30 days<\/td>\n<\/tr>\n<\/table>\n<h2 class=\"wpconsent-cookie-category-name\">Statistics<\/h2>\n<p class=\"wpconsent-cookie-category-description\">Statistics cookies collect information anonymously. This information helps us understand how visitors use our website.<\/p>\n<h3 class=\"wpconsent-cookie-service-name\">Google Analytics<\/h3>\n<p class=\"wpconsent-cookie-service-description\">Google Analytics is a powerful tool that tracks and analyses website traffic for informed marketing decisions.<\/p>\n<p><a href=\"https:\/\/policies.google.com\/privacy\">Learn more<\/a><\/p>\n<table class=\"wpconsent-cookie-policy-table\">\n<tr>\n<th>Name<\/th>\n<th>Description<\/th>\n<th>Duration<\/th>\n<\/tr>\n<tr>\n<td>_ga<\/td>\n<td>ID used to identify users<\/td>\n<td>2 years<\/td>\n<\/tr>\n<tr>\n<td>_gali<\/td>\n<td>Used by Google Analytics to determine which links on a page are being clicked<\/td>\n<td>30 seconds<\/td>\n<\/tr>\n<tr>\n<td>_ga_<\/td>\n<td>ID used to identify users<\/td>\n<td>2 years<\/td>\n<\/tr>\n<tr>\n<td>_gid<\/td>\n<td>ID used to identify users for 24 hours after last activity<\/td>\n<td>24 hours<\/td>\n<\/tr>\n<tr>\n<td>_gat<\/td>\n<td>Used to monitor number of Google Analytics server requests when using Google Tag Manager<\/td>\n<td>1 minute<\/td>\n<\/tr>\n<tr>\n<td>_gac_<\/td>\n<td>Contains information related to marketing campaigns of the user. These are shared with Google AdWords \/ Google Ads when the Google Ads and Google Analytics accounts are linked together.<\/td>\n<td>90 days<\/td>\n<\/tr>\n<tr>\n<td>__utma<\/td>\n<td>ID used to identify users and sessions<\/td>\n<td>2 years after last activity<\/td>\n<\/tr>\n<tr>\n<td>__utmt<\/td>\n<td>Used to monitor number of Google Analytics server requests<\/td>\n<td>10 minutes<\/td>\n<\/tr>\n<tr>\n<td>__utmb<\/td>\n<td>Used to distinguish new sessions and visits. This cookie is set when the GA.js javascript library is loaded and there is no existing __utmb cookie. The cookie is updated every time data is sent to the Google Analytics server.<\/td>\n<td>30 minutes after last activity<\/td>\n<\/tr>\n<tr>\n<td>__utmc<\/td>\n<td>Used only with old Urchin versions of Google Analytics and not with GA.js. Was used to distinguish between new sessions and visits at the end of a session.<\/td>\n<td>End of session (browser)<\/td>\n<\/tr>\n<tr>\n<td>__utmz<\/td>\n<td>Contains information about the traffic source or campaign that directed user to the website. The cookie is set when the GA.js javascript is loaded and updated when data is sent to the Google Anaytics server<\/td>\n<td>6 months after last activity<\/td>\n<\/tr>\n<tr>\n<td>__utmv<\/td>\n<td>Contains custom information set by the web developer via the _setCustomVar method in Google Analytics. This cookie is updated every time new data is sent to the Google Analytics server.<\/td>\n<td>2 years after last activity<\/td>\n<\/tr>\n<tr>\n<td>__utmx<\/td>\n<td>Used to determine whether a user is included in an A \/ B or Multivariate test.<\/td>\n<td>18 months<\/td>\n<\/tr>\n<\/table>\n<\/div>\n\t\t\t\t\t\t\t\t<\/div>\n\t\t\t\t\t<\/div>\n\t\t\t\t<\/div>\n\t\t\t\t<\/div>","protected":false},"excerpt":{"rendered":"<p>Cette page fournit des informations d\u00e9taill\u00e9es sur la mani\u00e8re dont nous utilisons les cookies sur notre site web afin d\u2019am\u00e9liorer votre exp\u00e9rience de navigation, d\u2019optimiser les performances du site et de proposer du contenu personnalis\u00e9.Les cookies sont de petits fichiers texte stock\u00e9s sur votre appareil lorsque vous visitez notre site. Ils nous aident \u00e0 comprendre [&hellip;]<\/p>","protected":false},"author":2,"featured_media":0,"parent":0,"menu_order":0,"comment_status":"closed","ping_status":"closed","template":"","meta":{"_seopress_robots_primary_cat":"","_seopress_titles_title":"","_seopress_titles_desc":"D\u00e9couvrez comment nos cookies am\u00e9liorent votre exp\u00e9rience, optimisent les performances et garantissent transparence et respect de votre vie priv\u00e9e.","_seopress_robots_index":"yes","content-type":"","footnotes":""},"class_list":["post-1589","page","type-page","status-publish","hentry"],"_links":{"self":[{"href":"https:\/\/beauvoirclinic.com\/en\/wp-json\/wp\/v2\/pages\/1589","targetHints":{"allow":["GET"]}}],"collection":[{"href":"https:\/\/beauvoirclinic.com\/en\/wp-json\/wp\/v2\/pages"}],"about":[{"href":"https:\/\/beauvoirclinic.com\/en\/wp-json\/wp\/v2\/types\/page"}],"author":[{"embeddable":true,"href":"https:\/\/beauvoirclinic.com\/en\/wp-json\/wp\/v2\/users\/2"}],"replies":[{"embeddable":true,"href":"https:\/\/beauvoirclinic.com\/en\/wp-json\/wp\/v2\/comments?post=1589"}],"version-history":[{"count":0,"href":"https:\/\/beauvoirclinic.com\/en\/wp-json\/wp\/v2\/pages\/1589\/revisions"}],"wp:attachment":[{"href":"https:\/\/beauvoirclinic.com\/en\/wp-json\/wp\/v2\/media?parent=1589"}],"curies":[{"name":"wp","href":"https:\/\/api.w.org\/{rel}","templated":true}]}}